{"id":2,"date":"2020-08-27T09:36:19","date_gmt":"2020-08-27T09:36:19","guid":{"rendered":"http:\/\/www.adriatic-staging.mattbedford.work\/?page_id=2"},"modified":"2022-08-20T17:13:50","modified_gmt":"2022-08-20T17:13:50","slug":"home","status":"publish","type":"page","link":"https:\/\/www.adriaticnetworks.com\/de\/","title":{"rendered":"Home"},"content":{"rendered":"<div class=\"gb-container gb-container-1b3d2557 alignfull\"><div class=\"gb-inside-container\">\n\n<div class=\"wp-block-cover cover-bar\" style=\"min-height:350px\"><span aria-hidden=\"true\" class=\"wp-block-cover__background has-background-dim-100 has-background-dim wp-block-cover__gradient-background has-background-gradient\" style=\"background:linear-gradient(135deg,rgba(0,187,255,0) 0%,rgba(0,187,255,0) 31%,rgba(0,187,255,0.52) 56%,rgb(0,189,255) 73%)\"><\/span><img loading=\"lazy\" width=\"800\" height=\"280\" class=\"wp-block-cover__image-background wp-image-32\" src=\"https:\/\/adriaticnetworks.com\/wp-content\/uploads\/2020\/08\/adriatic-networks-home.jpg\" data-object-fit=\"cover\" srcset=\"https:\/\/www.adriaticnetworks.com\/wp-content\/uploads\/2020\/08\/adriatic-networks-home.jpg 800w, https:\/\/www.adriaticnetworks.com\/wp-content\/uploads\/2020\/08\/adriatic-networks-home-300x105.jpg 300w, https:\/\/www.adriaticnetworks.com\/wp-content\/uploads\/2020\/08\/adriatic-networks-home-768x269.jpg 768w\" sizes=\"(max-width: 800px) 100vw, 800px\" \/><div class=\"wp-block-cover__inner-container\"><div class=\"gb-container gb-container-c51e898c hero-text\"><div class=\"gb-inside-container\">\n<div class=\"gb-grid-wrapper gb-grid-wrapper-e4fee342\">\n<div class=\"gb-grid-column gb-grid-column-930374c8\"><div class=\"gb-container gb-container-930374c8\"><div class=\"gb-inside-container\">\n\n<h1 class=\"gb-headline gb-headline-6675a91b gb-headline-text\">Eine einfachere Reise zur Hochleistungsinfrastruktur<\/h1>\n\n\n\n<p class=\"gb-headline gb-headline-b04a54c5 gb-headline-text\">Intelligente Netzwerkautomatisierung f\u00fcr bessere Ergebnisse, Eliminierung von Schwachstellen und Senkung operativer Kosten<\/p>\n\n<\/div><\/div><\/div>\n\n<div class=\"gb-grid-column gb-grid-column-a945321d\"><div class=\"gb-container gb-container-a945321d\"><div class=\"gb-inside-container\"><\/div><\/div><\/div>\n<\/div>\n<\/div><\/div><\/div><\/div>\n\n<\/div><\/div>\n\n<div class=\"gb-container gb-container-a14e95df top-intro-box alignfull\"><div class=\"gb-inside-container\">\n<div class=\"gb-grid-wrapper gb-grid-wrapper-6d8cbaf5\">\n<div class=\"gb-grid-column gb-grid-column-81cb5df9\"><div class=\"gb-container gb-container-81cb5df9\"><div class=\"gb-inside-container\"><\/div><\/div><\/div>\n\n<div class=\"gb-grid-column gb-grid-column-0617157d\"><div class=\"gb-container gb-container-0617157d intro-box\"><div class=\"gb-inside-container\">\n<div class=\"gb-grid-wrapper gb-grid-wrapper-9b9fa2f5\">\n<div class=\"gb-grid-column gb-grid-column-94daef8c\"><div class=\"gb-container gb-container-94daef8c\"><div class=\"gb-inside-container\">\n\n<h2 class=\"gb-headline gb-headline-06f8b795 gb-headline-text\">Perfekt f\u00fcr virtuelles und physisches Umfeld oder Cloud<\/h2>\n\n\n\n<p><mark style=\"background-color:rgba(0, 0, 0, 0)\" class=\"has-inline-color has-white-color\">Automate infrastructure elements in\u00a0any kind of environment, reducing errors, minimising downtime and building resiliency<\/mark><\/p>\n\n\n\n<a href=\"https:\/\/www.adriaticnetworks.com\/de\/services\/infrastructure-automation\/\" class=\"button button-light\">Erfahren Sie, wie<\/a>\n\n<\/div><\/div><\/div>\n\n<div class=\"gb-grid-column gb-grid-column-17a2122a\"><div class=\"gb-container gb-container-17a2122a\"><div class=\"gb-inside-container\"><\/div><\/div><\/div>\n<\/div>\n<\/div><\/div><\/div>\n<\/div>\n<\/div><\/div>\n\n<div class=\"gb-container gb-container-f28c182e alignfull\"><div class=\"gb-inside-container\">\n\n<h6 class=\"gb-headline gb-headline-437cb595 gb-headline-text\">Was wir machen<\/h6>\n\n<\/div><\/div>\n\n<div class=\"gb-container gb-container-f4bec2e8 alignfull\"><div class=\"gb-inside-container\">\n<div class=\"gb-grid-wrapper gb-grid-wrapper-6e5b67c4\">\n<div class=\"gb-grid-column gb-grid-column-ddc9f4b6\"><div class=\"gb-container gb-container-ddc9f4b6\"><div class=\"gb-inside-container\">\n\n<figure class=\"wp-block-image\"><a href=\"https:\/\/www.adriaticnetworks.com\/de\/services\/infrastructure-automation\/\"><img loading=\"lazy\" width=\"400\" height=\"320\" src=\"https:\/\/adriaticnetworks.com\/wp-content\/uploads\/2020\/08\/adriatic-networks-services-e1598534747991.jpg\" alt=\"\" class=\"wp-image-59\" srcset=\"\" sizes=\"(max-width: 400px) 100vw, 400px\" data-srcset=\"\" \/><\/a><\/figure>\n\n\n\n<div class=\"wp-block-image\"><figure class=\"aligncenter size-full\"><\/figure><\/div>\n\n\n\n<h4 class=\"gb-headline gb-headline-1435ccfe gb-headline-text\">Dienstleistungen<\/h4>\n\n\n\n<p>Wir helfen Ihnen, Ihre Reise zum modernen, automatisierten Netzwerk glatt, einfach und reibungslos zu gestalten<\/p>\n\n<\/div><\/div><\/div>\n\n<div class=\"gb-grid-column gb-grid-column-bb165e5c\"><div class=\"gb-container gb-container-bb165e5c\"><div class=\"gb-inside-container\">\n\n<figure class=\"wp-block-image size-full\"><a href=\"https:\/\/www.adriaticnetworks.com\/de\/training\/\"><img loading=\"lazy\" width=\"400\" height=\"320\" src=\"https:\/\/adriaticnetworks.com\/wp-content\/uploads\/2020\/08\/adriatic-networks-training-e1598534696891.jpg\" alt=\"\" class=\"wp-image-61\" srcset=\"\" sizes=\"(max-width: 400px) 100vw, 400px\" data-srcset=\"\" \/><\/a><\/figure>\n\n\n\n<h4 class=\"gb-headline gb-headline-63cfa9c9 gb-headline-text\">Training<\/h4>\n\n\n\n<p>Wir helfen Ihrem Team, das Beste aus Ihrer IT-Infrastruktur zu machen und sie weiterzuentwickeln<\/p>\n\n<\/div><\/div><\/div>\n\n<div class=\"gb-grid-column gb-grid-column-08715edf\"><div class=\"gb-container gb-container-08715edf\"><div class=\"gb-inside-container\">\n\n<figure class=\"wp-block-image size-full\"><a href=\"https:\/\/www.adriaticnetworks.com\/de\/knowledge-base\/\"><img loading=\"lazy\" width=\"400\" height=\"320\" src=\"https:\/\/adriaticnetworks.com\/wp-content\/uploads\/2020\/08\/adriatic-networks-knowledge-base-e1598535005604.jpg\" alt=\"\" class=\"wp-image-62\" srcset=\"\" sizes=\"(max-width: 400px) 100vw, 400px\" data-srcset=\"\" \/><\/a><\/figure>\n\n\n\n<h4 class=\"gb-headline gb-headline-f2fc577d gb-headline-text\">Wissens-Datenbank<\/h4>\n\n\n\n<p>Tipps, Neuigkeiten und Einblicke in die aktuellsten Netzwerkl\u00f6sungen und DevOps-Denkarten<\/p>\n\n<\/div><\/div><\/div>\n<\/div>\n<\/div><\/div>\n\n<div class=\"gb-container gb-container-83238e1a alignfull\"><div class=\"gb-inside-container\">\n<div class=\"gb-grid-wrapper gb-grid-wrapper-6d540317\">\n<div class=\"gb-grid-column gb-grid-column-b62b0766\"><div class=\"gb-container gb-container-b62b0766\"><div class=\"gb-inside-container\">\n<div class=\"wp-block-image\">\n<figure class=\"aligncenter size-full\"><a href=\"https:\/\/www.adriaticnetworks.com\/de\/services\/digital-transformation\/\"><img loading=\"lazy\" width=\"640\" height=\"426\" src=\"https:\/\/adriaticnetworks.com\/wp-content\/uploads\/2020\/08\/pexels-kaboompics-com-6337.jpg\" alt=\"\" class=\"wp-image-73\" srcset=\"\" sizes=\"(max-width: 640px) 100vw, 640px\" data-srcset=\"\" \/><\/a><\/figure><\/div>\n<\/div><\/div><\/div>\n\n<div class=\"gb-grid-column gb-grid-column-1240abac\"><div class=\"gb-container gb-container-1240abac\"><div class=\"gb-inside-container\">\n\n<h2 class=\"gb-headline gb-headline-64437f5e gb-headline-text\">Digitale Transformation. Wichtiger denn je<\/h2>\n\n\n\n<p class=\"has-white-color has-text-color\">Wir unterst\u00fctzen Sie in der Umstellung Ihres Unternehmens im digitalen Zeitalter durch Modifizierung existierender Gesch\u00e4ftsprozesse, Kulturen und Erfahrungen, um sich den \u00e4ndernden Kunden- und Gesch\u00e4ftsforderungen anpassen zu k\u00f6nnen. \u00dcberleben Sie nicht nur auf dem digitalen Markt, seien Sie der Gewinner.<\/p>\n\n\n\n<a href=\"https:\/\/www.adriaticnetworks.com\/de\/services\/digital-transformation\/\" class=\"button button-light\">Starten Sie Ihre Transformation bereits heute!<\/a>\n\n<\/div><\/div><\/div>\n<\/div>\n<\/div><\/div>\n\n<div class=\"gb-container gb-container-dc79fd8c alignfull\"><div class=\"gb-inside-container\">\n<div class=\"gb-grid-wrapper gb-grid-wrapper-94337bc8\">\n<div class=\"gb-grid-column gb-grid-column-78fae0fc\"><div class=\"gb-container gb-container-78fae0fc\"><div class=\"gb-inside-container\">\n\n<h2 class=\"gb-headline gb-headline-9228ccb6 gb-headline-text\">Warum Adriatic Networks<\/h2>\n\n\n\n<p>Wir machen die Reise zu modernen, automatisierten Netzwerken, Systemen und Anwendungen einfach, glatt und reibungslos. Wir implementieren DevOps\/NetOps-Prinzipien, um f\u00fcr unsere Klienten Mehrwert in Form von Hochleistung, Kostenreduktion und Sicherheit zu schaffen.<\/p>\n\n\n\n<a href=\"https:\/\/www.adriaticnetworks.com\/de\/about-adriatic-networks\/\" class=\"button\">Erfahren Sie, wie<\/a>\n\n<\/div><\/div><\/div>\n\n<div class=\"gb-grid-column gb-grid-column-ac82540c\"><div class=\"gb-container gb-container-ac82540c\"><div class=\"gb-inside-container\">\n\n<figure class=\"wp-block-image size-large\"><a href=\"https:\/\/www.adriaticnetworks.com\/de\/about-adriatic-networks\/\"><img loading=\"lazy\" width=\"640\" height=\"426\" src=\"https:\/\/adriaticnetworks.com\/wp-content\/uploads\/2020\/09\/adriatic-networks-banner.jpg\" alt=\"\" class=\"wp-image-107\" srcset=\"\" sizes=\"(max-width: 640px) 100vw, 640px\" data-srcset=\"\" \/><\/a><\/figure>\n\n<\/div><\/div><\/div>\n<\/div>\n<\/div><\/div>\n\n<div class=\"gb-container gb-container-ae1c53cf alignfull\"><div class=\"gb-inside-container\">\n<div class=\"gb-container gb-container-32d22733 alignfull\"><div class=\"gb-inside-container\">\n\n<h6 class=\"gb-headline gb-headline-359c74c3 gb-headline-text\">Entdecken Sie den BLOG<\/h6>\n\n<\/div><\/div>\n\n<div class=\"post-widget-block\"><div class=\"post-widget-container\">\r\n\t<a href=\"https:\/\/www.adriaticnetworks.com\/de\/ansible-global-variables\/\"><div class=\"pw-image\" style=\"background-image:url('https:\/\/www.adriaticnetworks.com\/wp-content\/uploads\/2020\/09\/ansible.jpg');\"><\/div><\/a>\r\n\t<div class=\"pw-texts\">\r\n\t\t<h3>Ansible globale Variablen<\/h3>\r\n\t\t<p><p>Eine globale Variable kann in einem Spiel gespeichert und in einem anderen Spiel verwendet werden. Dieser Artikel zeigt, wie das Konzept globaler Variablen in Ansible erreicht werden kann.<\/p>\n<\/p>\r\n\t\t<a href=\"https:\/\/www.adriaticnetworks.com\/de\/ansible-global-variables\/\">Weiterlesen<\/a>\t\r\n\t<\/div>\r\n\t<div class=\"mytags\"><span class=\"tagger\">Ansible<\/span><span class=\"tagger\">Codierung<\/span><span class=\"tagger\">Multi-play<\/span><span class=\"tagger\">Playbook<\/span><span class=\"tagger\">Variablen<\/span><\/div>\r\n<\/div><div class=\"post-widget-container\">\r\n\t<a href=\"https:\/\/www.adriaticnetworks.com\/de\/custom-ansible-modules-with-python-class\/\"><div class=\"pw-image\" style=\"background-image:url('https:\/\/www.adriaticnetworks.com\/wp-content\/uploads\/2022\/06\/ansible-python-1024x683.png');\"><\/div><\/a>\r\n\t<div class=\"pw-texts\">\r\n\t\t<h3>Ma\u00dfgeschneiderte Ansible-Module mit Python Class<\/h3>\r\n\t\t<p><\/p>\r\n\t\t<a href=\"https:\/\/www.adriaticnetworks.com\/de\/custom-ansible-modules-with-python-class\/\">Weiterlesen<\/a>\t\r\n\t<\/div>\r\n\t<div class=\"mytags\"><span class=\"tagger\">Ansible<\/span><\/div>\r\n<\/div><\/div>\n\n<\/div><\/div>\n\n\n<p><\/p>","protected":false},"excerpt":{"rendered":"<p>What we do Discover the BLOG<\/p>","protected":false},"author":1,"featured_media":0,"parent":0,"menu_order":0,"comment_status":"closed","ping_status":"open","template":"","meta":[],"_links":{"self":[{"href":"https:\/\/www.adriaticnetworks.com\/de\/wp-json\/wp\/v2\/pages\/2"}],"collection":[{"href":"https:\/\/www.adriaticnetworks.com\/de\/wp-json\/wp\/v2\/pages"}],"about":[{"href":"https:\/\/www.adriaticnetworks.com\/de\/wp-json\/wp\/v2\/types\/page"}],"author":[{"embeddable":true,"href":"https:\/\/www.adriaticnetworks.com\/de\/wp-json\/wp\/v2\/users\/1"}],"replies":[{"embeddable":true,"href":"https:\/\/www.adriaticnetworks.com\/de\/wp-json\/wp\/v2\/comments?post=2"}],"version-history":[{"count":69,"href":"https:\/\/www.adriaticnetworks.com\/de\/wp-json\/wp\/v2\/pages\/2\/revisions"}],"predecessor-version":[{"id":474,"href":"https:\/\/www.adriaticnetworks.com\/de\/wp-json\/wp\/v2\/pages\/2\/revisions\/474"}],"wp:attachment":[{"href":"https:\/\/www.adriaticnetworks.com\/de\/wp-json\/wp\/v2\/media?parent=2"}],"curies":[{"name":"wp","href":"https:\/\/api.w.org\/{rel}","templated":true}]}}