{"id":196,"date":"2020-09-15T16:12:08","date_gmt":"2020-09-15T16:12:08","guid":{"rendered":"https:\/\/www.adriatic-staging.mattbedford.work\/?page_id=196"},"modified":"2022-06-17T10:38:02","modified_gmt":"2022-06-17T10:38:02","slug":"web-development","status":"publish","type":"page","link":"https:\/\/www.adriaticnetworks.com\/de\/services\/web-development\/","title":{"rendered":"Webentwicklung"},"content":{"rendered":"<div class=\"gb-container gb-container-a68892c2 alignfull\"><div class=\"gb-inside-container\">\n<div class=\"gb-grid-wrapper gb-grid-wrapper-fa2fc23d\">\n<div class=\"gb-grid-column gb-grid-column-538e1c6a\"><div class=\"gb-container gb-container-538e1c6a\"><div class=\"gb-inside-container\">\n\n<figure class=\"wp-block-image size-large\"><img loading=\"lazy\" width=\"650\" height=\"434\" src=\"https:\/\/adriaticnetworks.com\/wp-content\/uploads\/2020\/09\/adriatic-networks-digital-services.jpg\" alt=\"\" class=\"wp-image-383\" srcset=\"\" sizes=\"(max-width: 650px) 100vw, 650px\" data-srcset=\"\" \/><\/figure>\n\n<\/div><\/div><\/div>\n\n<div class=\"gb-grid-column gb-grid-column-e9f36710\"><div class=\"gb-container gb-container-e9f36710\"><div class=\"gb-inside-container\">\n\n<h2 class=\"gb-headline gb-headline-42907e9b gb-headline-text\">Moderne, ma\u00dfgeschneiderte digitale Dienstleistungen<\/h2>\n\n\n\n<p>Vom Entwerfen von gut designierten, supereffizienten und ultraschnellen Benutzeroberfl\u00e4chen bis zur Entwicklung von dynamischen Webanwendungen und Schaffung von API-bezogenen Mikroservicesystemen, bieten wir ein breites Spektrum an Webentwicklungsdienstleistungen, um Ihnen zu helfen, Ihre Gesch\u00e4ftsideen und Prozesse zu realisieren.&nbsp;<\/p>\n\n<\/div><\/div><\/div>\n<\/div>\n\n<div class=\"gb-container gb-container-6d3ff6d7 alignfull\"><div class=\"gb-inside-container\">\n\n<div class=\"tabs\">\n\t<input type=\"radio\" id=\"tab-1\" name=\"tabs\" checked=\"\">\n\t<label for=\"tab-1\">\u00dcbersicht<\/label>\n\t<section>\n\t\t<p>Wie die Plattform ausreift, bringt sie den Dienstleistungsanbietern immer bessere M\u00f6glichkeiten, um ihre bestehenden Services auf neue Services und Benutzer auszubreiten und ihren Kunden neue und innovative Services anzubieten. Adriatic Networks kann mit Ihnen zusammenarbeiten, um Benutzeroberfl\u00e4chen, Mikrosysteme und Anwendungen zu entwerfen und weiterzuentwickeln, die eine solche Innovationswelle erm\u00f6glichen.<\/p>\n\t\t<p>Unabh\u00e4ngig davon, ob Sie eine neue graphische Benutzeroberfl\u00e4che aufbauen oder von Null mit API-basierenden Mikrosystemen oder Webanwendungen anfangen m\u00f6chten, k\u00f6nnen wir Ihnen die daf\u00fcr erforderliche Expertise und tiefes Systemverst\u00e4ndnis von verf\u00fcgbaren Technologien anbieten, um Sie zur Realisierung Ihrer Ideen zu bringen.<\/p>\n\t<\/section>\n\t\t\t\n\t<input type=\"radio\" id=\"tab-2\" name=\"tabs\">\n\t<label for=\"tab-2\">Vorteile<\/label>\n\t<section>\n\t\t<div class=\"tab-grid tab-benefit-left\">\n\t\t<p>Erm\u00f6glichen Sie die Kraft der Echtzeitkommunikation, Mehrwertdienstleistungen oder einfach ein moderneres und intuitiveres Interface. Wir helfen Ihnen dies aufzubauen, tadellos zusammen mit anderen von Ihnen verwendeten Systemen zu integrieren, mit voller Widmung der Endbenutzererfahrung.<\/p>\n\n\t\t<\/div>\n\t\t<div class=\"tab-grid tab-benefit-right\">\n\t\t<ul>\n\t\t<li>Aufbau von modernen, bereicherten Benutzeroberfl\u00e4chen<\/li>\n\t\t<li>Web-Anwendungen<\/li>\n\t\t<li>Erstellung von API-basierenden Mikroservicesystemen (REST, SOAP)<\/li>\n\t\t<li>E-Learning, damit Ihr Team das Beste aus neuen Systemen und Arbeitsabl\u00e4ufen bekommt<\/li>\n\t\t<\/ul>\n\t\t<\/div>\n\t<\/section>\n<\/div>\n\n<\/div><\/div>\n\n<div class=\"gb-container gb-container-7cfb8171 alignfull\"><div class=\"gb-inside-container\">\n<div class=\"gb-grid-wrapper gb-grid-wrapper-86e22227\">\n<div class=\"gb-grid-column gb-grid-column-0d4e4e56\"><div class=\"gb-container gb-container-0d4e4e56\"><div class=\"gb-inside-container\">\n\n<h2 class=\"gb-headline gb-headline-c3f65a99 gb-headline-text\">Lassen Sie Ihre Benutzer Erfolg erzielen<\/h2>\n\n\n\n<p>Ob Sie eine neue Anwendung f\u00fcrs Verkaufspersonal planen, die Kundenbeziehungsmanagement-Funktionen integriert, eine graphische Benutzeroberfl\u00e4che zur Unterst\u00fctzung Ihres Serviceteams oder eine neue REST-Architektur f\u00fcr Ihr Online-Kundenportal, k\u00f6nnen wir Ihnen helfen, ein Produkt ins Leben zu bringen, das seine Benutzer bei jeder Verwendung inspiriert und erfreut.<\/p>\n\n<\/div><\/div><\/div>\n\n<div class=\"gb-grid-column gb-grid-column-dd91e295\"><div class=\"gb-container gb-container-dd91e295\"><div class=\"gb-inside-container\">\n\n<figure class=\"wp-block-image size-large\"><img loading=\"lazy\" width=\"650\" height=\"434\" src=\"https:\/\/adriaticnetworks.com\/wp-content\/uploads\/2020\/09\/adriatic-networks-new-digital-GUI.jpg\" alt=\"\" class=\"wp-image-385\" srcset=\"\" sizes=\"(max-width: 650px) 100vw, 650px\" data-srcset=\"\" \/><\/figure>\n\n<\/div><\/div><\/div>\n<\/div>\n\n\n<div style=\"height:100px\" aria-hidden=\"true\" class=\"wp-block-spacer\"><\/div>\n\n\n<div class=\"gb-grid-wrapper gb-grid-wrapper-630721e7\">\n<div class=\"gb-grid-column gb-grid-column-c74ebc5b\"><div class=\"gb-container gb-container-c74ebc5b\"><div class=\"gb-inside-container\">\n\n<figure class=\"wp-block-image size-large\"><img loading=\"lazy\" width=\"650\" height=\"434\" src=\"https:\/\/adriaticnetworks.com\/wp-content\/uploads\/2020\/09\/adriatic-networks-security.jpg\" alt=\"\" class=\"wp-image-386\" srcset=\"\" sizes=\"(max-width: 650px) 100vw, 650px\" data-srcset=\"\" \/><\/figure>\n\n<\/div><\/div><\/div>\n\n<div class=\"gb-grid-column gb-grid-column-e9491048\"><div class=\"gb-container gb-container-e9491048\"><div class=\"gb-inside-container\">\n\n<h2 class=\"gb-headline gb-headline-81b90568 gb-headline-text\">Robust, verl\u00e4sslich und hochleistungsf\u00e4hig<\/h2>\n\n\n\n<p>Wir sind stark fokussiert auf optimale Verfahren in Bezug auf Datensicherheit, wir bauen starke und belastbare Tools, die f\u00fcr verschiedene Systeme angewendet werden k\u00f6nnen. Unabh\u00e4ngig davon, was die Zukunft bringt, k\u00f6nnen Sie sicher sein, dass Ihre Anwendung, Ihr Mikrosystem oder Gesch\u00e4ftstool daf\u00fcr bereit ist.<\/p>\n\n<\/div><\/div><\/div>\n<\/div>\n<\/div><\/div>\n<\/div><\/div>\n\n<div class=\"gb-container gb-container-38a5e88b alignfull\"><div class=\"gb-inside-container\">\n\n<div class=\"post-inject-block\"><\/div>\n\n<\/div><\/div>\n\n<div class=\"gb-container gb-container-15e05a65 alignfull\"><div class=\"gb-inside-container\">\n<div class=\"gb-grid-wrapper gb-grid-wrapper-9bf323b6\">\n<div class=\"gb-grid-column gb-grid-column-c8fc7d30\"><div class=\"gb-container gb-container-c8fc7d30\"><div class=\"gb-inside-container\">\n\n<h1 class=\"gb-headline gb-headline-dbf26ff8 gb-headline-text\">Interessiert? Sprechen wir dar\u00fcber.<\/h1>\n\n\n\n<h4 class=\"gb-headline gb-headline-2a3a887b gb-headline-text\">Fragen Sie uns nach\u2026 <mark style=\"background-color:rgba(0, 0, 0, 0)\" class=\"has-inline-color has-dark-blue-color\">REST vs. SOAP, Implementierung kontinuierlicher Innovationen, Kundenerfahrung, ob kaufen <\/mark>Benutzererfahrung<mark style=\"background-color:rgba(0, 0, 0, 0)\" class=\"has-inline-color has-dark-blue-color\">, erstellen lassen<\/mark>. Fragen Sie alles!<\/h4>\n\n\n\n<div style=\"height:20px\" aria-hidden=\"true\" class=\"wp-block-spacer\"><\/div>\n\n\n\n<a href=\"https:\/\/www.adriaticnetworks.com\/de\/contact\/\" class=\"button\">Kontaktieren Sie uns!<\/a>\n\n<\/div><\/div><\/div>\n<\/div>\n<\/div><\/div>\n\n\n<p><\/p>","protected":false},"excerpt":{"rendered":"<p>Overview As the Web platform matures, it brings richer and richer capabilities to service providers to extend their existing services to new users and devices, and to propose new and innovative services to their subscribers. &#8230; <a title=\"Webentwicklung\" class=\"read-more\" href=\"https:\/\/www.adriaticnetworks.com\/de\/services\/web-development\/\" aria-label=\"Mehr zu Web development\">Weiterlesen &#8230;<\/a><\/p>","protected":false},"author":1,"featured_media":0,"parent":180,"menu_order":0,"comment_status":"closed","ping_status":"closed","template":"","meta":[],"_links":{"self":[{"href":"https:\/\/www.adriaticnetworks.com\/de\/wp-json\/wp\/v2\/pages\/196"}],"collection":[{"href":"https:\/\/www.adriaticnetworks.com\/de\/wp-json\/wp\/v2\/pages"}],"about":[{"href":"https:\/\/www.adriaticnetworks.com\/de\/wp-json\/wp\/v2\/types\/page"}],"author":[{"embeddable":true,"href":"https:\/\/www.adriaticnetworks.com\/de\/wp-json\/wp\/v2\/users\/1"}],"replies":[{"embeddable":true,"href":"https:\/\/www.adriaticnetworks.com\/de\/wp-json\/wp\/v2\/comments?post=196"}],"version-history":[{"count":8,"href":"https:\/\/www.adriaticnetworks.com\/de\/wp-json\/wp\/v2\/pages\/196\/revisions"}],"predecessor-version":[{"id":460,"href":"https:\/\/www.adriaticnetworks.com\/de\/wp-json\/wp\/v2\/pages\/196\/revisions\/460"}],"up":[{"embeddable":true,"href":"https:\/\/www.adriaticnetworks.com\/de\/wp-json\/wp\/v2\/pages\/180"}],"wp:attachment":[{"href":"https:\/\/www.adriaticnetworks.com\/de\/wp-json\/wp\/v2\/media?parent=196"}],"curies":[{"name":"wp","href":"https:\/\/api.w.org\/{rel}","templated":true}]}}