{"id":194,"date":"2020-09-15T16:10:20","date_gmt":"2020-09-15T16:10:20","guid":{"rendered":"https:\/\/www.adriatic-staging.mattbedford.work\/?page_id=194"},"modified":"2020-11-10T14:53:53","modified_gmt":"2020-11-10T14:53:53","slug":"network-services","status":"publish","type":"page","link":"https:\/\/www.adriaticnetworks.com\/de\/services\/network-services\/","title":{"rendered":"Netzwerkdienstleistungen"},"content":{"rendered":"<div class=\"gb-container gb-container-a68892c2 alignfull\"><div class=\"gb-inside-container\">\n<div class=\"gb-grid-wrapper gb-grid-wrapper-fa2fc23d\">\n<div class=\"gb-grid-column gb-grid-column-538e1c6a\"><div class=\"gb-container gb-container-538e1c6a\"><div class=\"gb-inside-container\">\n<figure class=\"wp-block-image size-large\"><img loading=\"lazy\" width=\"640\" height=\"425\" src=\"https:\/\/adriaticnetworks.com\/wp-content\/uploads\/2020\/09\/adriatic-networks-smarter-network-services.jpg\" alt=\"\" class=\"wp-image-375\" srcset=\"https:\/\/www.adriaticnetworks.com\/wp-content\/uploads\/2020\/09\/adriatic-networks-smarter-network-services.jpg 640w, https:\/\/www.adriaticnetworks.com\/wp-content\/uploads\/2020\/09\/adriatic-networks-smarter-network-services-300x199.jpg 300w\" sizes=\"(max-width: 640px) 100vw, 640px\" \/><\/figure>\n<\/div><\/div><\/div>\n\n\n\n<div class=\"gb-grid-column gb-grid-column-e9f36710\"><div class=\"gb-container gb-container-e9f36710\"><div class=\"gb-inside-container\">\n<h2 class=\"gb-headline gb-headline-42907e9b\">Intelligentere, vereinfachte IT<\/h2>\n\n\n\n<p>Wir sind spezialisiert in Entwicklung, Modernisierung und Vereinfachung von Netzwerken und machen sie flexibel, autonom und aufgestellt nachspezifischen Anforderungen und Bed\u00fcrfnissen unserer Klienten.  Wir benutzen Software-Defined Networking und Network Functions Virtualization, um Ihnen zu helfen, Ihre Ressourcen effektiver zu nutzen und optimale Leistung und Verl\u00e4sslichkeit zu versichern. Unabh\u00e4ngig davon, ob Sie von Null aufbauen oder Ihre bisherigen Installationen umfunktionieren wollen, k\u00f6nnen wir Ihnen helfen, Ihr Netzwerk zu einem lebenden Organismus umzuwandeln, der kontrolliert, automatisiert und skaliert werden kann, um dadurch Ihrer ganzen Organisation Vorteile zu bringen.<\/p>\n<\/div><\/div><\/div>\n<\/div>\n\n\n\n<div class=\"gb-container gb-container-6d3ff6d7 alignfull\"><div class=\"gb-inside-container\">\n<div class=\"tabs\">\n\t<input type=\"radio\" id=\"tab-1\" name=\"tabs\" checked=\"\">\n\t<label for=\"tab-1\">\u00dcbersicht<\/label>\n\t<section>\n\t\t<p>Unsere Netzwerkdienstleistungen sind konzipiert, um Ihr Netzwerk zu modernisieren und zu vereinfachen. Wir stellen sicher, dass die zugrundeliegenden Datenfl\u00fcsse verl\u00e4sslich, stabil und jederzeit sicher sind, dank Software-Defined Networking (SDN) und Network Functions Virtualization (NFV).<\/p>\n\n<p>Bei gleichzeitiger Verwendung von NFV und SDN k\u00f6nnen wir die Kontrolle und die Datenschichten voneinander trennen und komplexe Netzwerkfunktionen ersetzen, w\u00e4hrend wir gleichzeitig Energieverbrauch senken und physischen Raum steigern. Gemeinsame Verwaltung von Funktionen virtueller und physischer Netzwerke verringert die Komplexit\u00e4t der Annahme neuer Technologien und erm\u00f6glicht zugleich die Unterst\u00fctzung f\u00fcr innovative Dienstleistungsangebote f\u00fcr Kunden: Vorbereitung f\u00fcr gro\u00dfe Schritte zur Businesstransformation auch vor der technologischen Transformation.<\/p>\n\t<\/section>\n\t\t\t\n\t<input type=\"radio\" id=\"tab-2\" name=\"tabs\">\n\t<label for=\"tab-2\">Vorteile<\/label>\n\t<section>\n\t\t<div class=\"tab-grid tab-benefit-left\">\n\t\t<p>Legen Sie die Grundlagen von innovativen Dienstleistungen und Digitalerfahrungen f\u00fcr Ihre Kunden, w\u00e4hrend Sie operative Kosten senken und Leistung steigern.<\/p>\n\n\t\t<\/div>\n\t\t<div class=\"tab-grid tab-benefit-right\">\n\t\t<ul>\n\t\t<li>Ideal f\u00fcr beides, Greenfield- oder traditionelle Umgebungen<\/li>\n\t\t<li>Senkt operative \u00dcberfl\u00fcsse und erm\u00f6glicht einfachere Kontrolle und Skalierung der Netzwerke<\/li>\t\t\t\t\n\t\t<li>Telekom, ISP, DC und Enterprise-Netzwerke<\/li>\n<li>\u00d6ffentliche und private Clouds<\/li>\n<li>Netzwerkdesign, -implementierung und -unterst\u00fctzung<\/li>\n\t\t<\/ul>\n\t\t<\/div>\n\t<\/section>\n<\/div>\n<\/div><\/div>\n\n\n\n<div class=\"gb-container gb-container-7cfb8171 alignfull\"><div class=\"gb-inside-container\">\n<div class=\"gb-grid-wrapper gb-grid-wrapper-86e22227\">\n<div class=\"gb-grid-column gb-grid-column-0d4e4e56\"><div class=\"gb-container gb-container-0d4e4e56\"><div class=\"gb-inside-container\">\n<h2 class=\"gb-headline gb-headline-c3f65a99\">Einfaches Troubleshooting<\/h2>\n\n\n\n<p>Dank VFN erm\u00f6glichen wir unseren Klienten, die Probleme auf schnellstem Wege zu l\u00f6sen, und in einigen F\u00e4llen sogar vorbeugen, und erm\u00f6glichen die Umleitung von Traffic auf Grund von Servicebed\u00fcrfnissen und konfigurieren Netzwerke auf Antrag neu \u2013 unabh\u00e4ngig davon, ob Ihre Maschinen vor Ort oder im Cloud liegen.&nbsp;<\/p>\n<\/div><\/div><\/div>\n\n\n\n<div class=\"gb-grid-column gb-grid-column-dd91e295\"><div class=\"gb-container gb-container-dd91e295\"><div class=\"gb-inside-container\">\n<figure class=\"wp-block-image size-full\"><img loading=\"lazy\" width=\"650\" height=\"434\" src=\"https:\/\/adriaticnetworks.com\/wp-content\/uploads\/2020\/09\/adriatic-networks-easy-network-troubleshooting.jpg\" alt=\"\" class=\"wp-image-380\" srcset=\"\" sizes=\"(max-width: 650px) 100vw, 650px\" data-srcset=\"\" \/><\/figure>\n<\/div><\/div><\/div>\n<\/div>\n\n\n\n<div style=\"height:100px\" aria-hidden=\"true\" class=\"wp-block-spacer\"><\/div>\n\n\n\n<div class=\"gb-grid-wrapper gb-grid-wrapper-630721e7\">\n<div class=\"gb-grid-column gb-grid-column-c74ebc5b\"><div class=\"gb-container gb-container-c74ebc5b\"><div class=\"gb-inside-container\">\n<figure class=\"wp-block-image size-full\"><img loading=\"lazy\" width=\"640\" height=\"423\" src=\"https:\/\/adriaticnetworks.com\/wp-content\/uploads\/2020\/09\/adriatic-networks-virtual-resource-management.jpg\" alt=\"\" class=\"wp-image-381\" srcset=\"\" sizes=\"(max-width: 640px) 100vw, 640px\" data-srcset=\"\" \/><\/figure>\n<\/div><\/div><\/div>\n\n\n\n<div class=\"gb-grid-column gb-grid-column-e9491048\"><div class=\"gb-container gb-container-e9491048\"><div class=\"gb-inside-container\">\n<h2 class=\"gb-headline gb-headline-81b90568\">Bereit f\u00fcr die Zukunft<\/h2>\n\n\n\n<p>Durch Annahme von SDN k\u00f6nnen Netzwerkdienstleistungen konfiguriert und virtuelle Ressourcen zugeordnet werden, damit Optimierungen und \u00c4nderungen in der Netzwerkkonfiguration in Echtzeit vom zentralen Admin durchgef\u00fchrt werden k\u00f6nnen. Diese Optimierungsebene ist ausschlaggebend f\u00fcr den Erfolg der zukunftsorientierten Technologien, wie IoT, Big Data, Asset Virtualization, Hybrid IT und vieles mehr.<\/p>\n<\/div><\/div><\/div>\n<\/div>\n<\/div><\/div>\n<\/div><\/div>\n\n\n\n<div class=\"gb-container gb-container-86fca1e1 alignfull\"><div class=\"gb-inside-container\">\n<div class=\"post-inject-block\"><\/div>\n<\/div><\/div>\n\n\n\n<div class=\"gb-container gb-container-15e05a65 alignfull\"><div class=\"gb-inside-container\">\n<div class=\"gb-grid-wrapper gb-grid-wrapper-9bf323b6\">\n<div class=\"gb-grid-column gb-grid-column-c8fc7d30\"><div class=\"gb-container gb-container-c8fc7d30\"><div class=\"gb-inside-container\">\n<h1 class=\"gb-headline gb-headline-dbf26ff8\">Interessiert? Sprechen wir dar\u00fcber.<\/h1>\n\n\n\n<h4 class=\"gb-headline gb-headline-2a3a887b\">Fragen Sie uns nach\u2026 <span class=\"has-inline-color has-dark-blue-color\">Managementbed\u00fcrfnissen, Verbesserung der Kundenerfahrung, Verwaltung von zentralisierten Netzwerken, proaktiver Instandhaltung<\/span>. Fragen Sie alles!<\/h4>\n\n\n\n<div style=\"height:20px\" aria-hidden=\"true\" class=\"wp-block-spacer\"><\/div>\n\n\n\n<a href=\"https:\/\/www.adriaticnetworks.com\/de\/contact\/\" class=\"button\">Kontaktieren Sie uns!<\/a>\n<\/div><\/div><\/div>\n<\/div>\n<\/div><\/div>\n\n\n\n<p><\/p>","protected":false},"excerpt":{"rendered":"<p>Overview Our network services are designed to modernize and simplify your networks. we ensure underlying data flows are reliable, stable and secure at all times thanks to software-defined networking (SDN) and network functions virtualization (NFV). &#8230; <a title=\"Netzwerkdienstleistungen\" class=\"read-more\" href=\"https:\/\/www.adriaticnetworks.com\/de\/services\/network-services\/\" aria-label=\"Mehr zu Network services\">Weiterlesen &#8230;<\/a><\/p>","protected":false},"author":1,"featured_media":0,"parent":180,"menu_order":0,"comment_status":"closed","ping_status":"closed","template":"","meta":[],"_links":{"self":[{"href":"https:\/\/www.adriaticnetworks.com\/de\/wp-json\/wp\/v2\/pages\/194"}],"collection":[{"href":"https:\/\/www.adriaticnetworks.com\/de\/wp-json\/wp\/v2\/pages"}],"about":[{"href":"https:\/\/www.adriaticnetworks.com\/de\/wp-json\/wp\/v2\/types\/page"}],"author":[{"embeddable":true,"href":"https:\/\/www.adriaticnetworks.com\/de\/wp-json\/wp\/v2\/users\/1"}],"replies":[{"embeddable":true,"href":"https:\/\/www.adriaticnetworks.com\/de\/wp-json\/wp\/v2\/comments?post=194"}],"version-history":[{"count":11,"href":"https:\/\/www.adriaticnetworks.com\/de\/wp-json\/wp\/v2\/pages\/194\/revisions"}],"predecessor-version":[{"id":427,"href":"https:\/\/www.adriaticnetworks.com\/de\/wp-json\/wp\/v2\/pages\/194\/revisions\/427"}],"up":[{"embeddable":true,"href":"https:\/\/www.adriaticnetworks.com\/de\/wp-json\/wp\/v2\/pages\/180"}],"wp:attachment":[{"href":"https:\/\/www.adriaticnetworks.com\/de\/wp-json\/wp\/v2\/media?parent=194"}],"curies":[{"name":"wp","href":"https:\/\/api.w.org\/{rel}","templated":true}]}}