{"id":180,"date":"2020-09-15T14:55:36","date_gmt":"2020-09-15T14:55:36","guid":{"rendered":"https:\/\/www.adriatic-staging.mattbedford.work\/?page_id=180"},"modified":"2020-10-02T11:51:04","modified_gmt":"2020-10-02T11:51:04","slug":"services","status":"publish","type":"page","link":"https:\/\/www.adriaticnetworks.com\/de\/services\/","title":{"rendered":"Dienstleistungen"},"content":{"rendered":"<div class=\"gb-container gb-container-09341e84 alignfull\"><div class=\"gb-inside-container\">\n<div class=\"gb-grid-wrapper gb-grid-wrapper-60902292\">\n<div class=\"gb-grid-column gb-grid-column-845235a8\"><div class=\"gb-container gb-container-845235a8\"><div class=\"gb-inside-container\">\n<figure class=\"wp-block-image size-large\"><a href=\"https:\/\/www.adriaticnetworks.com\/de\/services\/infrastructure-automation\/\"><img loading=\"lazy\" width=\"650\" height=\"433\" src=\"https:\/\/adriaticnetworks.com\/wp-content\/uploads\/2020\/09\/adriatic-networks-it.jpg\" alt=\"\" class=\"wp-image-393\" srcset=\"\" sizes=\"(max-width: 650px) 100vw, 650px\" data-srcset=\"\" \/><\/a><\/figure>\n<\/div><\/div><\/div>\n\n\n\n<div class=\"gb-grid-column gb-grid-column-28fa074c\"><div class=\"gb-container gb-container-28fa074c\"><div class=\"gb-inside-container\">\n<h2 class=\"gb-headline gb-headline-5e27c795\">Reibungslose Automatisierung der Infrastruktur<\/h2>\n\n\n\n<p>Wir helfen Ihnen, die Reise zu modernen, automatisierten Netzwerken glatt und reibungslos zu gestallten. <strong>Dadurch werden operative Kosten gesenkt,<\/strong>die Arbeitsprozesse beschleunigt, die Stabilit\u00e4t und Sicherheit werden erh\u00f6ht und Ihre Infrastruktur wird leistungsf\u00e4higer.<\/p>\n\n\n\n<a href=\"https:\/\/www.adriaticnetworks.com\/de\/services\/infrastructure-automation\/\" class=\"button\">Erfahren Sie mehr<\/a>\n<\/div><\/div><\/div>\n<\/div>\n<\/div><\/div>\n\n\n\n<div class=\"gb-container gb-container-83238e1a alignfull\"><div class=\"gb-inside-container\">\n<div class=\"gb-grid-wrapper gb-grid-wrapper-6d540317\">\n<div class=\"gb-grid-column gb-grid-column-1240abac\"><div class=\"gb-container gb-container-1240abac\"><div class=\"gb-inside-container\">\n<h2 class=\"gb-headline gb-headline-64437f5e\">Intelligentere Netzwerkdienstleistungen<\/h2>\n\n\n\n<p class=\"has-dark-grey-color has-text-color\">Wir verwenden Software-Defined Networking (SDN) und Network Functions Virtualization (NFV), <strong>um v\u00f6llig nach Ihren Bed\u00fcrfnissen ma\u00dfgeschneiderte, flexible, autonome<\/strong> und vereinfachte Netzwerke aufzubauen.<\/p>\n\n\n\n<a href=\"https:\/\/www.adriaticnetworks.com\/de\/services\/network-services\/\" class=\"button\">Erfahren Sie mehr<\/a>\n<\/div><\/div><\/div>\n\n\n\n<div class=\"gb-grid-column gb-grid-column-b62b0766\"><div class=\"gb-container gb-container-b62b0766 image-down-shift\"><div class=\"gb-inside-container\">\n<div class=\"wp-block-image\"><figure class=\"aligncenter size-large\"><a href=\"https:\/\/www.adriaticnetworks.com\/de\/services\/network-services\/\"><img loading=\"lazy\" width=\"640\" height=\"426\" src=\"https:\/\/adriaticnetworks.com\/wp-content\/uploads\/2020\/10\/pexels-negative-space-169573.jpg\" alt=\"\" class=\"wp-image-408\" srcset=\"\" sizes=\"(max-width: 640px) 100vw, 640px\" data-srcset=\"\" \/><\/a><\/figure><\/div>\n<\/div><\/div><\/div>\n<\/div>\n<\/div><\/div>\n\n\n\n<div class=\"gb-container gb-container-f6bbdc49 alignfull\"><div class=\"gb-inside-container\">\n<div class=\"gb-grid-wrapper gb-grid-wrapper-5a283c6b\">\n<div class=\"gb-grid-column gb-grid-column-dfb20c4a\"><div class=\"gb-container gb-container-dfb20c4a\"><div class=\"gb-inside-container\">\n<h2 class=\"gb-headline gb-headline-8b1017d3\">Entdecken Sie unsere Weiterbildungs- und Trainingservices<\/h2>\n\n\n\n<p class=\"has-white-color has-text-color\">Bringen Sie Ihr Team zur Spitzenposition in Systemverwaltung durch ma\u00dfgeschneiderte einmalige <strong>oder l\u00e4ngere Trainingsprogramme<\/strong> von unseren Experten.<\/p>\n<\/div><\/div><\/div>\n\n\n\n<div class=\"gb-grid-column gb-grid-column-4b810671\"><div class=\"gb-container gb-container-4b810671\"><div class=\"gb-inside-container\">\n<a href=\"https:\/\/www.adriaticnetworks.com\/de\/training\/\" class=\"button button-light\">Starten Sie sofort<\/a>\n<\/div><\/div><\/div>\n<\/div>\n<\/div><\/div>\n\n\n\n<div class=\"gb-container gb-container-53e99e39 alignfull\"><div class=\"gb-inside-container\">\n<div class=\"gb-grid-wrapper gb-grid-wrapper-2984d588\">\n<div class=\"gb-grid-column gb-grid-column-c3108571\"><div class=\"gb-container gb-container-c3108571 image-down-shift\"><div class=\"gb-inside-container\">\n<div class=\"wp-block-image\"><figure class=\"aligncenter size-large\"><a href=\"https:\/\/www.adriaticnetworks.com\/de\/services\/digital-transformation\/\"><img loading=\"lazy\" width=\"640\" height=\"426\" src=\"https:\/\/adriaticnetworks.com\/wp-content\/uploads\/2020\/09\/adriatic-networks-digital-transformation-team.jpg\" alt=\"\" class=\"wp-image-396\" srcset=\"\" sizes=\"(max-width: 640px) 100vw, 640px\" data-srcset=\"\" \/><\/a><\/figure><\/div>\n<\/div><\/div><\/div>\n\n\n\n<div class=\"gb-grid-column gb-grid-column-3a8b8492\"><div class=\"gb-container gb-container-3a8b8492\"><div class=\"gb-inside-container\">\n<h2 class=\"gb-headline gb-headline-57a68b33\">Kraftvolle digitale Transformation<\/h2>\n\n\n\n<p class=\"has-dark-grey-color has-text-color\">Durch einen DevOps\/NetOps-Rahmen k\u00f6nnen wir Ihnen helfen, erreichbare <strong>Ziele der Digitalisierung Ihrer Gesch\u00e4fte zu identifizieren <\/strong>und sie nachfolgend dank Prozessautomatisierung, dynamischem Networking und Cloud-basierender Infrastruktur umzusetzen.<\/p>\n\n\n\n<a href=\"https:\/\/www.adriaticnetworks.com\/de\/services\/digital-transformation\/\" class=\"button\">Erfahren Sie mehr<\/a>\n<\/div><\/div><\/div>\n<\/div>\n<\/div><\/div>\n\n\n\n<div class=\"gb-container gb-container-dc79fd8c alignfull\"><div class=\"gb-inside-container\">\n<div class=\"gb-grid-wrapper gb-grid-wrapper-94337bc8\">\n<div class=\"gb-grid-column gb-grid-column-78fae0fc\"><div class=\"gb-container gb-container-78fae0fc\"><div class=\"gb-inside-container\">\n<h2 class=\"gb-headline gb-headline-9228ccb6\">Vollst\u00e4ndige Web-Entwicklung<\/h2>\n\n\n\n<p>Von Gestaltung gut durchdachter, sehr effizienter und ultraschneller Benutzerschnittstellen bis zur Entwicklung von dynamischen Web-Anwendungen und API-bezogenen Mikroservicesystemen, bieten wir eine ganze <strong>Reihe von Web-Entwicklungsservices f\u00fcr die Verbesserung der Effizienz und Leistungsf\u00e4higkeit Ihrer Systeme und Prozesse.<\/strong>.<\/p>\n\n\n\n<a href=\"https:\/\/www.adriaticnetworks.com\/de\/services\/web-development\/\" class=\"button\">Erfahren Sie mehr<\/a>\n<\/div><\/div><\/div>\n\n\n\n<div class=\"gb-grid-column gb-grid-column-ac82540c\"><div class=\"gb-container gb-container-ac82540c\"><div class=\"gb-inside-container\">\n<figure class=\"wp-block-image size-large\"><a href=\"https:\/\/www.adriaticnetworks.com\/de\/services\/web-development\/\"><img loading=\"lazy\" width=\"640\" height=\"426\" src=\"https:\/\/adriaticnetworks.com\/wp-content\/uploads\/2020\/10\/pexels-olia-danilevich-4974915.jpg\" alt=\"\" class=\"wp-image-410\" srcset=\"\" sizes=\"(max-width: 640px) 100vw, 640px\" data-srcset=\"\" \/><\/a><\/figure>\n<\/div><\/div><\/div>\n<\/div>\n<\/div><\/div>\n\n\n\n<p><\/p>","protected":false},"excerpt":{"rendered":"","protected":false},"author":1,"featured_media":0,"parent":0,"menu_order":0,"comment_status":"closed","ping_status":"open","template":"","meta":[],"_links":{"self":[{"href":"https:\/\/www.adriaticnetworks.com\/de\/wp-json\/wp\/v2\/pages\/180"}],"collection":[{"href":"https:\/\/www.adriaticnetworks.com\/de\/wp-json\/wp\/v2\/pages"}],"about":[{"href":"https:\/\/www.adriaticnetworks.com\/de\/wp-json\/wp\/v2\/types\/page"}],"author":[{"embeddable":true,"href":"https:\/\/www.adriaticnetworks.com\/de\/wp-json\/wp\/v2\/users\/1"}],"replies":[{"embeddable":true,"href":"https:\/\/www.adriaticnetworks.com\/de\/wp-json\/wp\/v2\/comments?post=180"}],"version-history":[{"count":19,"href":"https:\/\/www.adriaticnetworks.com\/de\/wp-json\/wp\/v2\/pages\/180\/revisions"}],"predecessor-version":[{"id":411,"href":"https:\/\/www.adriaticnetworks.com\/de\/wp-json\/wp\/v2\/pages\/180\/revisions\/411"}],"wp:attachment":[{"href":"https:\/\/www.adriaticnetworks.com\/de\/wp-json\/wp\/v2\/media?parent=180"}],"curies":[{"name":"wp","href":"https:\/\/api.w.org\/{rel}","templated":true}]}}