{"id":163,"date":"2020-09-02T08:30:52","date_gmt":"2020-09-02T08:30:52","guid":{"rendered":"https:\/\/www.adriatic-staging.mattbedford.work\/?page_id=163"},"modified":"2020-09-26T12:05:51","modified_gmt":"2020-09-26T12:05:51","slug":"digital-transformation","status":"publish","type":"page","link":"https:\/\/www.adriaticnetworks.com\/de\/services\/digital-transformation\/","title":{"rendered":"Digitale Transformation"},"content":{"rendered":"<div class=\"gb-container gb-container-a68892c2 alignfull\"><div class=\"gb-inside-container\">\n<div class=\"gb-grid-wrapper gb-grid-wrapper-fa2fc23d\">\n<div class=\"gb-grid-column gb-grid-column-538e1c6a\"><div class=\"gb-container gb-container-538e1c6a\"><div class=\"gb-inside-container\">\n<figure class=\"wp-block-image size-large\"><img loading=\"lazy\" width=\"640\" height=\"426\" src=\"https:\/\/adriaticnetworks.com\/wp-content\/uploads\/2020\/09\/adriatic-networks-better-cx.jpg\" alt=\"\" class=\"wp-image-369\" srcset=\"\" sizes=\"(max-width: 640px) 100vw, 640px\" data-srcset=\"\" \/><\/figure>\n<\/div><\/div><\/div>\n\n\n\n<div class=\"gb-grid-column gb-grid-column-e9f36710\"><div class=\"gb-container gb-container-e9f36710\"><div class=\"gb-inside-container\">\n<h2 class=\"gb-headline gb-headline-42907e9b\">Bereichern Sie Ihre Erfahrungen<\/h2>\n\n\n\n<p>Unsere Dienstleistungen der digitalen Transformation sind konzipiert, um Ihrem Unternehmen zu helfen, nicht nur in einem konkurrenzstarken Umfeld zu \u00fcberleben, sondern auch weitere Erfolge zu erzielen und sich weiterzuentwickeln. Wir k\u00f6nnen mit Ihnen eng zusammenarbeiten, um Ihre T\u00e4tigkeit an das digitale Zeitalter anzupassen, die bestehenden Gesch\u00e4ftsprozesse, Kulturen und Kundenerfahrung zu modifizieren, um sich \u00e4ndernden Kunden- und Gesch\u00e4ftsanspr\u00fcchen anzupassen.<\/p>\n<\/div><\/div><\/div>\n<\/div>\n\n\n\n<div class=\"gb-container gb-container-6d3ff6d7 alignfull\"><div class=\"gb-inside-container\">\n<div class=\"tabs\">\n\t<input type=\"radio\" id=\"tab-1\" name=\"tabs\" checked=\"\">\n\t<label for=\"tab-1\">\u00dcbersicht<\/label>\n\t<section>\n\t\t<p>Wir helfen Unternehmen, problemlos von der alten auf die moderne, automatisierte Infrastruktur zu wechseln. Mit \u00fcber ein Jahrzehnt Erfahrung mit Telekoms, IPS-s und Gro\u00dfunternehmen aus anderen Branchen k\u00f6nnen wir versichern, dass Ihre neuen Systeme die besten L\u00f6sungen und optimale Verfahren integriert haben, mit angepassten Kontrollsystemen, Datenverwaltung, CI\/CD-Arbeitsabl\u00e4ufen und Sicherheitssystemen, damit Sie neue Dienstleistungen mit mehr Effizienz anbieten und aufbauen k\u00f6nnen. <\/p>\n\t\t<p>Wir unterst\u00fctzen Sie durch Analyse und technische Implementierung bis zum kulturellen Wechsel, den Ihre Initiativen anfordern, um flexible, skalierbare, sichere, verl\u00e4ssliche, stabile und kosteneffektive IT-Services nach Ihrem Ma\u00dfe zu liefern.<\/p> \n\n\t<\/section>\n\t\t\t\n\t<input type=\"radio\" id=\"tab-2\" name=\"tabs\">\n\t<label for=\"tab-2\">Vorteile<\/label>\n\t<section>\n\t\t<div class=\"tab-grid tab-benefit-left\">\n\t\t<p>Wir helfen Ihnen, nicht nur die technische Plattform, die Ihre Ziele erf\u00fcllt, zu implementieren, sondern suchen auch nach Automatisierungsm\u00f6glichkeiten der neuen Infrastruktur. Wir bieten zudem auch komplement\u00e4re Trainings und Expertise f\u00fcr F\u00fchrungskr\u00e4fte, um sicher zu stellen, dass Ihr Team auf dem gleichen Stand ist.<\/p>\n\n\t\t<\/div>\n\t\t<div class=\"tab-grid tab-benefit-right\">\n\t\t<ul>\n<li>Optimierung und Beschleunigung von Netzwerk- und IT-Abl\u00e4ufen<\/li>\n<li>CI\/CD Solutions und DevOps\/NetOps Rahmen<\/li>\n<li>Implementierung von IaaC<\/li>\n<li>Migration von Infrastrukturen zum Public Cloud<\/li>\n<li>Business- und Umfeldspezifische Orchestrierung<\/li>\n<li>Umstellung der Netzwerke und der Infrastruktur zum selbstbewussten, selbstoptimierbaren und selbstheilenden System<\/li>\n<li>Multi-Domain-Service und Netzwerkorchestrierung<\/li>\n<li>Automatisierte Testdurchf\u00fchrung und Testverfahren<\/li>\n\t\t<\/ul>\n\t\t<\/div>\n\t<\/section>\n<\/div>\n<\/div><\/div>\n\n\n\n<div class=\"gb-container gb-container-7cfb8171 alignfull\"><div class=\"gb-inside-container\">\n<div class=\"gb-grid-wrapper gb-grid-wrapper-86e22227\">\n<div class=\"gb-grid-column gb-grid-column-0d4e4e56\"><div class=\"gb-container gb-container-0d4e4e56\"><div class=\"gb-inside-container\">\n<h2 class=\"gb-headline gb-headline-c3f65a99\">Nutzen Sie versteckte M\u00f6glichkeiten<\/h2>\n\n\n\n<p>Unabh\u00e4ngig davon, ob Sie Ihre Infrastruktur anpassen und weiterentwickeln oder sie gr\u00fcndlich \u00e4ndern wollen, werden wir bestimmt manuelle Arbeitsabl\u00e4ufe finden, die automatisierungsbereit sind, oder Features, die durch API in die externen Tools integriert werden k\u00f6nnen, wie Slack oder Github, die Ihr Team t\u00e4glich benutzt. H\u00f6here Effizienz, Mehrwert und gl\u00fccklichere Teams: leisten Sie sich das!  <\/p>\n<\/div><\/div><\/div>\n\n\n\n<div class=\"gb-grid-column gb-grid-column-dd91e295\"><div class=\"gb-container gb-container-dd91e295\"><div class=\"gb-inside-container\">\n<figure class=\"wp-block-image size-full\"><img loading=\"lazy\" width=\"640\" height=\"426\" src=\"https:\/\/adriaticnetworks.com\/wp-content\/uploads\/2020\/09\/integrated-apps-adriatic-networks.jpg\" alt=\"\" class=\"wp-image-371\" srcset=\"\" sizes=\"(max-width: 640px) 100vw, 640px\" data-srcset=\"\" \/><\/figure>\n<\/div><\/div><\/div>\n<\/div>\n\n\n\n<div style=\"height:100px\" aria-hidden=\"true\" class=\"wp-block-spacer\"><\/div>\n\n\n\n<div class=\"gb-grid-wrapper gb-grid-wrapper-630721e7\">\n<div class=\"gb-grid-column gb-grid-column-c74ebc5b\"><div class=\"gb-container gb-container-c74ebc5b\"><div class=\"gb-inside-container\">\n<figure class=\"wp-block-image size-large\"><img loading=\"lazy\" width=\"650\" height=\"433\" src=\"https:\/\/adriaticnetworks.com\/wp-content\/uploads\/2020\/09\/adriatic-networks-digital-transformation.jpg\" alt=\"\" class=\"wp-image-373\" srcset=\"\" sizes=\"(max-width: 650px) 100vw, 650px\" data-srcset=\"\" \/><\/figure>\n<\/div><\/div><\/div>\n\n\n\n<div class=\"gb-grid-column gb-grid-column-e9491048\"><div class=\"gb-container gb-container-e9491048\"><div class=\"gb-inside-container\">\n<h2 class=\"gb-headline gb-headline-81b90568\">Steuern Sie die \u00c4nderung von innen<\/h2>\n\n\n\n<p>Es ist nicht nur Ihre Infrastruktur, die sich transformieren muss, sondern auch die kulturelle Denkart. Durch unsere Trainingsangebote und Unterst\u00fctzung helfen wir Ihnen und Ihren Teams, die \u00c4nderungsanf\u00fchrer und nicht nur Zuschauer zu sein.<\/p>\n<\/div><\/div><\/div>\n<\/div>\n<\/div><\/div>\n<\/div><\/div>\n\n\n\n<div class=\"gb-container gb-container-24ec1937 alignfull\"><div class=\"gb-inside-container\">\n<div class=\"post-inject-block\"><\/div>\n<\/div><\/div>\n\n\n\n<div class=\"gb-container gb-container-15e05a65 alignfull\"><div class=\"gb-inside-container\">\n<div class=\"gb-grid-wrapper gb-grid-wrapper-9bf323b6\">\n<div class=\"gb-grid-column gb-grid-column-c8fc7d30\"><div class=\"gb-container gb-container-c8fc7d30\"><div class=\"gb-inside-container\">\n<h1 class=\"gb-headline gb-headline-dbf26ff8\">Interessiert? Sprechen wir dar\u00fcber.<\/h1>\n\n\n\n<h4 class=\"gb-headline gb-headline-2a3a887b\"><span class=\"has-inline-color has-adriatic-blue-color\">Fragen Sie uns nach\u2026<\/span><span class=\"has-inline-color has-dark-blue-color\"> h\u00f6herer Netzwerksicherheit, schnellerer Lieferung, externen Integrationen, Mehrwertautomatisierung. <\/span><span class=\"has-inline-color has-adriatic-blue-color\">Fragen Sie alles!<\/span><\/h4>\n\n\n\n<div style=\"height:20px\" aria-hidden=\"true\" class=\"wp-block-spacer\"><\/div>\n\n\n\n<a href=\"https:\/\/www.adriaticnetworks.com\/de\/contact\/\" class=\"button\">Kontaktieren Sie uns!<\/a>\n<\/div><\/div><\/div>\n<\/div>\n<\/div><\/div>\n\n\n\n<p><\/p>","protected":false},"excerpt":{"rendered":"<p>Overview We help companies seamlessly move from legacy infrastructure to more modern, automated frameworks. With decades of experience working with Telcos and ISPs as well as other enterprises, we can ensure your new systems integrate &#8230; <a title=\"Digitale Transformation\" class=\"read-more\" href=\"https:\/\/www.adriaticnetworks.com\/de\/services\/digital-transformation\/\" aria-label=\"Mehr zu Digital transformation\">Weiterlesen &#8230;<\/a><\/p>","protected":false},"author":1,"featured_media":0,"parent":180,"menu_order":0,"comment_status":"closed","ping_status":"closed","template":"","meta":[],"_links":{"self":[{"href":"https:\/\/www.adriaticnetworks.com\/de\/wp-json\/wp\/v2\/pages\/163"}],"collection":[{"href":"https:\/\/www.adriaticnetworks.com\/de\/wp-json\/wp\/v2\/pages"}],"about":[{"href":"https:\/\/www.adriaticnetworks.com\/de\/wp-json\/wp\/v2\/types\/page"}],"author":[{"embeddable":true,"href":"https:\/\/www.adriaticnetworks.com\/de\/wp-json\/wp\/v2\/users\/1"}],"replies":[{"embeddable":true,"href":"https:\/\/www.adriaticnetworks.com\/de\/wp-json\/wp\/v2\/comments?post=163"}],"version-history":[{"count":17,"href":"https:\/\/www.adriaticnetworks.com\/de\/wp-json\/wp\/v2\/pages\/163\/revisions"}],"predecessor-version":[{"id":374,"href":"https:\/\/www.adriaticnetworks.com\/de\/wp-json\/wp\/v2\/pages\/163\/revisions\/374"}],"up":[{"embeddable":true,"href":"https:\/\/www.adriaticnetworks.com\/de\/wp-json\/wp\/v2\/pages\/180"}],"wp:attachment":[{"href":"https:\/\/www.adriaticnetworks.com\/de\/wp-json\/wp\/v2\/media?parent=163"}],"curies":[{"name":"wp","href":"https:\/\/api.w.org\/{rel}","templated":true}]}}