{"id":14,"date":"2020-08-27T10:53:33","date_gmt":"2020-08-27T10:53:33","guid":{"rendered":"https:\/\/www.adriatic-staging.mattbedford.work\/?page_id=14"},"modified":"2021-03-16T20:54:44","modified_gmt":"2021-03-16T20:54:44","slug":"contact","status":"publish","type":"page","link":"https:\/\/www.adriaticnetworks.com\/de\/contact\/","title":{"rendered":"Kontakt"},"content":{"rendered":"<div class=\"gb-container gb-container-68bf8b7f alignfull\"><div class=\"gb-inside-container\">\n<div class=\"gb-grid-wrapper gb-grid-wrapper-b1b72c53\">\n<div class=\"gb-grid-column gb-grid-column-b5baab93\"><div class=\"gb-container gb-container-b5baab93\"><div class=\"gb-inside-container\">\n\n<div id=\"lcf-contactform-wrap\">\n\t\t\t<form action=\"https:\/\/www.adriaticnetworks.com\/de\/contact\/\" method=\"post\" name=\"lcf-contactform\" id=\"lcf-contactform\" data-trp-original-action=\"https:\/\/www.adriaticnetworks.com\/de\/contact\/\">\n\t\t\t\t<label for=\"lcf_contactform_name\">Name<\/label>\n\t\t\t\t<input name=\"lcf_contactform_name\" id=\"lcf_contactform_name\" type=\"text\" size=\"33\" class=\"required\" maxlength=\"99\" value=\"\" placeholder=\"Your name\" required \/>\n\t\t\t\t<label for=\"lcf_contactform_email\">Email<\/label>\n\t\t\t\t<input name=\"lcf_contactform_email\" id=\"lcf_contactform_email\" type=\"text\" size=\"33\" class=\"required\" value=\"\" placeholder=\"Your email\" required \/><label for=\"lcf-hundred-acre-wood-field\" id=\"lcf-hundred-acre-wood-label\">For Official Use Only<\/label><input name=\"lcf_hundred_acre_wood_field\" type=\"text\" id=\"lcf-hundred-acre-wood-field\" value=\"\" tabindex=\"-1\" \/><div id=\"my-topic-form-field\">\n                     \n                    <p>What would you like to talk to us about?<\/p>\n                    <input id=\"lcf_donation\" name=\"hope_contact_radio\" value=\"donation\" type=\"radio\"><label for=\"lcf_donation\">Automatisierung der Infrastruktur<\/label>\n\t\t\t\t\t<input id=\"lcf_fundraising\" name=\"hope_contact_radio\" value=\"fundraising\" type=\"radio\"><label for=\"lcf_fundraising\">Training services<\/label>\n\t\t\t\t\t<input id=\"lcf_help\" name=\"hope_contact_radio\" value=\"help\" type=\"radio\"><label for=\"lcf_help\">Digitale Transformation<\/label>\n\t\t\t\t\t<input id=\"lcf_referral\" name=\"hope_contact_radio\" value=\"referral\" type=\"radio\"><label for=\"lcf_referral\">Webentwicklung<\/label>\n                    <input id=\"lcf_question\" name=\"hope_contact_radio\" value=\"question\" type=\"radio\"><label for=\"lcf_question\">Netzwerkdienstleistungen<\/label>\n\t\t\t\t\t<input id=\"lcf_suggestion\" name=\"hope_contact_radio\" value=\"suggestion\" type=\"radio\"><label for=\"lcf_suggestion\">I have a general question<\/label>\n\t\t\t\t\t<input id=\"lcf_other\" name=\"hope_contact_radio\" value=\"other\" type=\"radio\"><label for=\"lcf_other\">Something else<\/label>\n\t\t\t\t\t<\/div><label for=\"lcf_message\">Message<\/label>\n\t\t\t\t<textarea name=\"lcf_message\" id=\"lcf_message\" minlength=\"4\" cols=\"33\" rows=\"7\" placeholder=\"Your message\" class=\"required\" required><\/textarea>\n\t\t\t\t<div class=\"lcf-submit\">\n\t\t\t\t\t<input type=\"hidden\" id=\"lcf-grecaptcha-response\" name=\"lcf-grecaptcha-response\">\n\t\t\t\t\t<input type=\"hidden\" name=\"lcf_key\" value=\"process_form\">\n\t\t\t\t\t<input type=\"submit\" name=\"Submit\" id=\"lcf_contact\" value=\"Send\">\n\t\t\t\t<\/div>\n\t\t\t<input type=\"hidden\" name=\"trp-form-language\" value=\"de\"\/><\/form>\n\t\t<\/div>\n\n<\/div><\/div><\/div>\n\n<div class=\"gb-grid-column gb-grid-column-b31009d6\"><div class=\"gb-container gb-container-b31009d6\"><div class=\"gb-inside-container\">\n\n<h1 class=\"gb-headline gb-headline-eee8a04c gb-headline-text\">Kontaktieren Sie uns bereits heute und erz\u00e4hlen Sie uns \u00fcber Ihre Projekte!<\/h1>\n\n\n\n<div style=\"height:30px\" aria-hidden=\"true\" class=\"wp-block-spacer\"><\/div>\n\n\n\n<p class=\"has-white-color has-text-color\">Stellen Sie uns jede Frage, die Sie m\u00f6chten, machen Sie Vorschl\u00e4ge oder fragen Sie nach mehr Informationen \u00fcber unsere Dienstleistungen. Alternativ k\u00f6nnen Sie uns jederzeit \u00fcber unten angegebenen Kontaktdaten erreichen.<\/p>\n\n\n\n<p class=\"has-white-color has-text-color\">ADRIATIC NETWORKS INT d.o.o.<br>Ujevi\u0107eva ulica 17c,<br>10000 Zagreb<br>Kroatien<br>Tel: <a href=\"tel: 385914603001\">+385 91 460 3001<\/a><br>E-mail: <a href=\"mailto:info@adriaticnetworks.com\">info@adriaticnetworks.com<\/a><br>VAT-ID &#8211; HR93693936521<\/p>\n\n<\/div><\/div><\/div>\n<\/div>\n<\/div><\/div>\n\n\n<p><\/p>","protected":false},"excerpt":{"rendered":"","protected":false},"author":1,"featured_media":0,"parent":0,"menu_order":0,"comment_status":"closed","ping_status":"closed","template":"","meta":[],"_links":{"self":[{"href":"https:\/\/www.adriaticnetworks.com\/de\/wp-json\/wp\/v2\/pages\/14"}],"collection":[{"href":"https:\/\/www.adriaticnetworks.com\/de\/wp-json\/wp\/v2\/pages"}],"about":[{"href":"https:\/\/www.adriaticnetworks.com\/de\/wp-json\/wp\/v2\/types\/page"}],"author":[{"embeddable":true,"href":"https:\/\/www.adriaticnetworks.com\/de\/wp-json\/wp\/v2\/users\/1"}],"replies":[{"embeddable":true,"href":"https:\/\/www.adriaticnetworks.com\/de\/wp-json\/wp\/v2\/comments?post=14"}],"version-history":[{"count":10,"href":"https:\/\/www.adriaticnetworks.com\/de\/wp-json\/wp\/v2\/pages\/14\/revisions"}],"predecessor-version":[{"id":455,"href":"https:\/\/www.adriaticnetworks.com\/de\/wp-json\/wp\/v2\/pages\/14\/revisions\/455"}],"wp:attachment":[{"href":"https:\/\/www.adriaticnetworks.com\/de\/wp-json\/wp\/v2\/media?parent=14"}],"curies":[{"name":"wp","href":"https:\/\/api.w.org\/{rel}","templated":true}]}}