{"id":12,"date":"2020-08-27T10:53:33","date_gmt":"2020-08-27T10:53:33","guid":{"rendered":"https:\/\/www.adriatic-staging.mattbedford.work\/?page_id=12"},"modified":"2020-10-07T12:01:12","modified_gmt":"2020-10-07T12:01:12","slug":"training","status":"publish","type":"page","link":"https:\/\/www.adriaticnetworks.com\/de\/training\/","title":{"rendered":"Training"},"content":{"rendered":"<div class=\"gb-container gb-container-a68892c2 alignfull\"><div class=\"gb-inside-container\">\n<div class=\"gb-grid-wrapper gb-grid-wrapper-fa2fc23d\">\n<div class=\"gb-grid-column gb-grid-column-538e1c6a\"><div class=\"gb-container gb-container-538e1c6a\"><div class=\"gb-inside-container\">\n<figure class=\"wp-block-image size-large\"><img loading=\"lazy\" width=\"640\" height=\"426\" src=\"https:\/\/adriaticnetworks.com\/wp-content\/uploads\/2020\/09\/pexels-andrea-piacquadio-3866398.jpg\" alt=\"\" class=\"wp-image-170\" srcset=\"\" sizes=\"(max-width: 640px) 100vw, 640px\" data-srcset=\"\" \/><\/figure>\n<\/div><\/div><\/div>\n\n\n\n<div class=\"gb-grid-column gb-grid-column-e9f36710\"><div class=\"gb-container gb-container-e9f36710\"><div class=\"gb-inside-container\">\n<h2 class=\"gb-headline gb-headline-42907e9b\">Bringen Sie Ihr Team auf eine neue Ebene<\/h2>\n\n\n\n<p>Ma\u00dfgeschneiderte, geleitete Kurse, um Ihrem Team von Ingenieuren zu helfen, zu evaluieren, zu planen und sich weiterzuentwickeln. Mit einer unvergleichbaren Erfahrung in Infrastrukturautomatisierung und der digitalen Transformation k\u00f6nnen wir hochwertige Trainings und Workshops ma\u00dfgeschneidert nach den Bed\u00fcrfnissen Ihres Teams anbieten.<\/p>\n<\/div><\/div><\/div>\n<\/div>\n\n\n\n<div class=\"gb-container gb-container-6d3ff6d7 alignfull\"><div class=\"gb-inside-container\">\n<div class=\"tabs\">\n\t<input type=\"radio\" id=\"tab-1\" name=\"tabs\" checked=\"\">\n\t<label for=\"tab-1\">\u00dcbersicht<\/label>\n\t<section>\n\t\t<p>In der Welt der sich schnell entwickelnden Gesch\u00e4fte und Technologien k\u00f6nnen wir uns nicht leisten, auf der Stelle zu bleiben. Wir bieten ein ganzes Paket der geleiteten Trainings und Weiterbildungsdienstleistungen, um Ihrem Team zu helfen, an der Spitze zu bleiben. Von den neusten Netzwerkautomatisierungsstrategien bis zu den DevOps\/NetOps-Ans\u00e4tzen oder sogar Einleitungs- oder Kursen f\u00fcr Fortgeschrittene in Automatisierungstools wie Terraform, Ansible oder Chef, wir k\u00f6nnen Sie unterst\u00fctzen.\n\n<\/p>\n\t\t<p>Unsere Kurse sind ausschlie\u00dflich ma\u00dfgeschneidert, basierend vollkommen auf Ihren Anforderungen und geleitet von den Experten, die unter den Besten in ihrem Expertisenbereich sind. Wir folgen dem standardm\u00e4\u00dfigen, optimalen Vorgehen in Weiterbildung, inklusive kontinuierliche datengesteuerte Verbesserungen, praxisorientierte Trainings, praxisbezogene Szenarien und positive St\u00e4rkung. <\/p>\n\t<\/section>\n\t\t\t\n\t<input type=\"radio\" id=\"tab-2\" name=\"tabs\">\n\t<label for=\"tab-2\">Vorteile<\/label>\n\t<section>\n\t\t<div class=\"tab-grid tab-benefit-left\">\n\t\t<p>St\u00e4rken Sie das Potenzial Ihres Teams durch unsere Kurse in Themen wie: Netzwerkdienstleistungen, Webentwicklung, REST und SOAP APIs, Infrastrukturautomatisierung, DevOps als Kredo, DevOps-Spezifika (Kubernetes, Ansible, usw.), Kodieren mit Python und vieles mehr.<\/p>\n\n\t\t<\/div>\n\t\t<div class=\"tab-grid tab-benefit-right\">\n\t\t<ul>\n\t\t<li>Interne, geleitete Kurse<\/li>\n\t\t<li>Hochwertige Trainings f\u00fcr Teams oder individuelle Trainings<\/li>\n\t\t<li>Ma\u00dfgeschneiderte Workshops nach Ihren Bed\u00fcrfnissen<\/li>\n\t\t<li>Datengesteuertes Lernen<\/li>\n\t\t<li>Breite Palette von Netzwerkfertigkeiten, DevOps\/NetOps und Infrastrukturthemen<\/li>\n\t\t<\/ul>\n\t\t<\/div>\n\t<\/section>\n<\/div>\n<\/div><\/div>\n\n\n\n<div class=\"gb-container gb-container-7cfb8171 alignfull\"><div class=\"gb-inside-container\">\n<div class=\"gb-grid-wrapper gb-grid-wrapper-86e22227\">\n<div class=\"gb-grid-column gb-grid-column-0d4e4e56\"><div class=\"gb-container gb-container-0d4e4e56\"><div class=\"gb-inside-container\">\n<h2 class=\"gb-headline gb-headline-c3f65a99\">DevOps Denkart<\/h2>\n\n\n\n<p>Nach Agile kam DevOps (und nebenher NetOps). Es ist eine kulturelle Methodologie und Denkart, die im Mittelpunkt der Operationen, Testdurchf\u00fchrung und Entwicklung steht. <strong>Unsere Einleitungstrainings <\/strong>decken die Bedeutung dieser Denkart, ihre Werte, Ziele und was sie in Praxis bringt. Es deckt auch die wichtigsten Tools, von Git bis Kubernetes.<\/p>\n\n\n\n<p><a href=\"https:\/\/www.adriaticnetworks.com\/de\/contact\/\" data-type=\"page\" data-id=\"14\"><span class=\"has-inline-color has-white-color\">Kontaktieren Sie uns, um mehr zu erfahren<\/span><\/a><span class=\"has-inline-color has-white-color\"> &gt;<\/span> <\/p>\n<\/div><\/div><\/div>\n\n\n\n<div class=\"gb-grid-column gb-grid-column-dd91e295\"><div class=\"gb-container gb-container-dd91e295\"><div class=\"gb-inside-container\">\n<figure class=\"wp-block-image size-large\"><img loading=\"lazy\" width=\"640\" height=\"426\" src=\"https:\/\/adriaticnetworks.com\/wp-content\/uploads\/2020\/09\/adriatic-networks-devops-culture.jpg\" alt=\"\" class=\"wp-image-389\" srcset=\"\" sizes=\"(max-width: 640px) 100vw, 640px\" data-srcset=\"\" \/><\/figure>\n<\/div><\/div><\/div>\n<\/div>\n\n\n\n<div style=\"height:100px\" aria-hidden=\"true\" class=\"wp-block-spacer\"><\/div>\n\n\n\n<div class=\"gb-grid-wrapper gb-grid-wrapper-630721e7\">\n<div class=\"gb-grid-column gb-grid-column-c74ebc5b\"><div class=\"gb-container gb-container-c74ebc5b\"><div class=\"gb-inside-container\">\n<figure class=\"wp-block-image size-large\"><img loading=\"lazy\" width=\"640\" height=\"427\" src=\"https:\/\/adriaticnetworks.com\/wp-content\/uploads\/2020\/09\/adriatic-network-network-automation.jpg\" alt=\"\" class=\"wp-image-391\" srcset=\"\" sizes=\"(max-width: 640px) 100vw, 640px\" data-srcset=\"\" \/><\/figure>\n<\/div><\/div><\/div>\n\n\n\n<div class=\"gb-grid-column gb-grid-column-5e020f49\"><div class=\"gb-container gb-container-5e020f49\"><div class=\"gb-inside-container\">\n<h2 class=\"gb-headline gb-headline-71c6d9ae\">Automatisierung Ihrer Infrastruktur<\/h2>\n\n\n\n<p>Mit dem Fokus auf einzigartige, Inhalte aus dem Alltagsleben, haben unsere Kurse zum Thema Infrastrukturautomatisierung das Ziel, Ihnen die praktischen Kompetenzen aus den Bereichen Infrastrukturautomatisierung und -Verwaltung und Software Delivery, zu geben. Wir schauen, wie Ihnen Python als Haupttool helfen kann. <\/p>\n\n\n\n<p><a href=\"https:\/\/www.adriaticnetworks.com\/de\/contact\/\" data-type=\"page\" data-id=\"14\"><span class=\"has-inline-color has-white-color\">Kontaktieren Sie uns, um mehr zu erfahren &gt;<\/span><\/a><\/p>\n<\/div><\/div><\/div>\n<\/div>\n<\/div><\/div>\n\n\n\n<div class=\"gb-container gb-container-89902eed alignfull\"><div class=\"gb-inside-container\">\n<div class=\"post-inject-block\"><\/div>\n<\/div><\/div>\n<\/div><\/div>\n\n\n\n<div class=\"gb-container gb-container-15e05a65 alignfull\"><div class=\"gb-inside-container\">\n<div class=\"gb-grid-wrapper gb-grid-wrapper-9bf323b6\">\n<div class=\"gb-grid-column gb-grid-column-c8fc7d30\"><div class=\"gb-container gb-container-c8fc7d30\"><div class=\"gb-inside-container\">\n<h1 class=\"gb-headline gb-headline-dbf26ff8\">Interessiert? Sprechen wir dar\u00fcber.<\/h1>\n\n\n\n<h4 class=\"gb-headline gb-headline-2a3a887b\">Fragen Sie uns nach\u2026 <span class=\"has-inline-color has-dark-blue-color\">Gruppenkursen, individuellen ma\u00dfgeschneiderten Kursen, lebenslangem Lernen, Crash-Kursen, DevOps\/NetOps-Trainings.<\/span>. Fragen Sie alles!<\/h4>\n\n\n\n<div style=\"height:20px\" aria-hidden=\"true\" class=\"wp-block-spacer\"><\/div>\n\n\n\n<a href=\"https:\/\/www.adriaticnetworks.com\/de\/contact\/\" class=\"button\">Kontaktieren Sie uns!<\/a>\n<\/div><\/div><\/div>\n<\/div>\n<\/div><\/div>","protected":false},"excerpt":{"rendered":"<p>Overview In a fast-evolving business and technological world, we cannot afford to stay still. We provide a full suite of instructor-led training and education services to help your team stay on top. From the latest &#8230; <a title=\"Training\" class=\"read-more\" href=\"https:\/\/www.adriaticnetworks.com\/de\/training\/\" aria-label=\"Mehr zu Training\">Weiterlesen &#8230;<\/a><\/p>","protected":false},"author":1,"featured_media":0,"parent":0,"menu_order":0,"comment_status":"closed","ping_status":"closed","template":"","meta":[],"_links":{"self":[{"href":"https:\/\/www.adriaticnetworks.com\/de\/wp-json\/wp\/v2\/pages\/12"}],"collection":[{"href":"https:\/\/www.adriaticnetworks.com\/de\/wp-json\/wp\/v2\/pages"}],"about":[{"href":"https:\/\/www.adriaticnetworks.com\/de\/wp-json\/wp\/v2\/types\/page"}],"author":[{"embeddable":true,"href":"https:\/\/www.adriaticnetworks.com\/de\/wp-json\/wp\/v2\/users\/1"}],"replies":[{"embeddable":true,"href":"https:\/\/www.adriaticnetworks.com\/de\/wp-json\/wp\/v2\/comments?post=12"}],"version-history":[{"count":17,"href":"https:\/\/www.adriaticnetworks.com\/de\/wp-json\/wp\/v2\/pages\/12\/revisions"}],"predecessor-version":[{"id":422,"href":"https:\/\/www.adriaticnetworks.com\/de\/wp-json\/wp\/v2\/pages\/12\/revisions\/422"}],"wp:attachment":[{"href":"https:\/\/www.adriaticnetworks.com\/de\/wp-json\/wp\/v2\/media?parent=12"}],"curies":[{"name":"wp","href":"https:\/\/api.w.org\/{rel}","templated":true}]}}